{"id":7962,"date":"2019-06-23T23:26:14","date_gmt":"2019-06-23T21:26:14","guid":{"rendered":"https:\/\/www.promajna-tours.hr\/kontakt\/"},"modified":"2023-09-28T14:35:01","modified_gmt":"2023-09-28T12:35:01","slug":"kontakt","status":"publish","type":"page","link":"https:\/\/www.promajna-tours.hr\/cs\/kontakt\/","title":{"rendered":"Kontakt"},"content":{"rendered":"","protected":false},"excerpt":{"rendered":"","protected":false},"author":2,"featured_media":400356,"parent":0,"menu_order":0,"comment_status":"open","ping_status":"closed","template":"templates\/contact.php","meta":[],"acf":[],"yoast_head":"<!-- This site is optimized with the Yoast SEO plugin v20.6 - https:\/\/yoast.com\/wordpress\/plugins\/seo\/ -->\n<title>Kontakt - Promajna Tours<\/title>\n<meta name=\"description\" content=\"Kontakt - Specializujeme se na ubytov\u00e1n\u00ed v soukrom\u00ed v Promajn\u011b, ale tak\u00e9 na ubytov\u00e1n\u00ed v soukrom\u00ed na zbytku Makarsk\u00e9 rivi\u00e9ry. Cestovn\u00ed ...\" \/>\n<meta name=\"robots\" content=\"index, follow, max-snippet:-1, max-image-preview:large, max-video-preview:-1\" \/>\n<link rel=\"canonical\" href=\"https:\/\/www.promajna-tours.hr\/cs\/kontakt\/\" \/>\n<meta property=\"og:locale\" content=\"cs_CZ\" \/>\n<meta property=\"og:type\" content=\"article\" \/>\n<meta property=\"og:title\" content=\"Kontakt - Promajna Tours\" \/>\n<meta property=\"og:description\" content=\"Kontakt - Specializujeme se na ubytov\u00e1n\u00ed v soukrom\u00ed v Promajn\u011b, ale tak\u00e9 na ubytov\u00e1n\u00ed v soukrom\u00ed na zbytku Makarsk\u00e9 rivi\u00e9ry. Cestovn\u00ed ...\" \/>\n<meta property=\"og:url\" content=\"https:\/\/www.promajna-tours.hr\/cs\/kontakt\/\" \/>\n<meta property=\"og:site_name\" content=\"Promajna Tours\" \/>\n<meta property=\"article:publisher\" content=\"https:\/\/www.facebook.com\/promajnatoursHR\/\" \/>\n<meta property=\"article:modified_time\" content=\"2023-09-28T12:35:01+00:00\" \/>\n<meta property=\"og:image\" content=\"https:\/\/www.promajna-tours.hr\/wp-content\/uploads\/2023\/04\/Anka-4.jpg\" \/>\n\t<meta property=\"og:image:width\" content=\"1980\" \/>\n\t<meta property=\"og:image:height\" content=\"1484\" \/>\n\t<meta property=\"og:image:type\" content=\"image\/jpeg\" \/>\n<meta name=\"twitter:card\" content=\"summary_large_image\" \/>\n<meta name=\"twitter:site\" content=\"@promajnatours\" \/>\n<script type=\"application\/ld+json\" class=\"yoast-schema-graph\">{\"@context\":\"https:\/\/schema.org\",\"@graph\":[{\"@type\":\"WebPage\",\"@id\":\"https:\/\/www.promajna-tours.hr\/cs\/kontakt\/\",\"url\":\"https:\/\/www.promajna-tours.hr\/cs\/kontakt\/\",\"name\":\"Kontakt - Promajna Tours\",\"isPartOf\":{\"@id\":\"https:\/\/www.promajna-tours.hr\/#website\"},\"datePublished\":\"2019-06-23T21:26:14+00:00\",\"dateModified\":\"2023-09-28T12:35:01+00:00\",\"description\":\"Kontakt - Specializujeme se na ubytov\u00e1n\u00ed v soukrom\u00ed v Promajn\u011b, ale tak\u00e9 na ubytov\u00e1n\u00ed v soukrom\u00ed na zbytku Makarsk\u00e9 rivi\u00e9ry. Cestovn\u00ed ...\",\"breadcrumb\":{\"@id\":\"https:\/\/www.promajna-tours.hr\/cs\/kontakt\/#breadcrumb\"},\"inLanguage\":\"cs\",\"potentialAction\":[{\"@type\":\"ReadAction\",\"target\":[\"https:\/\/www.promajna-tours.hr\/cs\/kontakt\/\"]}]},{\"@type\":\"BreadcrumbList\",\"@id\":\"https:\/\/www.promajna-tours.hr\/cs\/kontakt\/#breadcrumb\",\"itemListElement\":[{\"@type\":\"ListItem\",\"position\":1,\"name\":\"Po\u010detna stranica\",\"item\":\"https:\/\/www.promajna-tours.hr\/cs\/\"},{\"@type\":\"ListItem\",\"position\":2,\"name\":\"Kontakt\"}]},{\"@type\":\"WebSite\",\"@id\":\"https:\/\/www.promajna-tours.hr\/#website\",\"url\":\"https:\/\/www.promajna-tours.hr\/\",\"name\":\"Promajna Tours\",\"description\":\"Apartmani Makarska rivijera\",\"publisher\":{\"@id\":\"https:\/\/www.promajna-tours.hr\/#organization\"},\"potentialAction\":[{\"@type\":\"SearchAction\",\"target\":{\"@type\":\"EntryPoint\",\"urlTemplate\":\"https:\/\/www.promajna-tours.hr\/?s={search_term_string}\"},\"query-input\":\"required name=search_term_string\"}],\"inLanguage\":\"cs\"},{\"@type\":\"Organization\",\"@id\":\"https:\/\/www.promajna-tours.hr\/#organization\",\"name\":\"Promajna Tours d.o.o.\",\"url\":\"https:\/\/www.promajna-tours.hr\/\",\"logo\":{\"@type\":\"ImageObject\",\"inLanguage\":\"cs\",\"@id\":\"https:\/\/www.promajna-tours.hr\/#\/schema\/logo\/image\/\",\"url\":\"https:\/\/www.promajna-tours.hr\/wp-content\/uploads\/2021\/11\/logo-novi.png\",\"contentUrl\":\"https:\/\/www.promajna-tours.hr\/wp-content\/uploads\/2021\/11\/logo-novi.png\",\"width\":216,\"height\":129,\"caption\":\"Promajna Tours d.o.o.\"},\"image\":{\"@id\":\"https:\/\/www.promajna-tours.hr\/#\/schema\/logo\/image\/\"},\"sameAs\":[\"https:\/\/www.facebook.com\/promajnatoursHR\/\",\"https:\/\/twitter.com\/promajnatours\",\"https:\/\/www.instagram.com\/promajnatours\/\",\"https:\/\/www.youtube.com\/channel\/UCMDAfrJ-MCRDYzjXTBoVIXA\"]}]}<\/script>\n<!-- \/ Yoast SEO plugin. -->","yoast_head_json":{"title":"Kontakt - Promajna Tours","description":"Kontakt - Specializujeme se na ubytov\u00e1n\u00ed v soukrom\u00ed v Promajn\u011b, ale tak\u00e9 na ubytov\u00e1n\u00ed v soukrom\u00ed na zbytku Makarsk\u00e9 rivi\u00e9ry. Cestovn\u00ed ...","robots":{"index":"index","follow":"follow","max-snippet":"max-snippet:-1","max-image-preview":"max-image-preview:large","max-video-preview":"max-video-preview:-1"},"canonical":"https:\/\/www.promajna-tours.hr\/cs\/kontakt\/","og_locale":"cs_CZ","og_type":"article","og_title":"Kontakt - Promajna Tours","og_description":"Kontakt - Specializujeme se na ubytov\u00e1n\u00ed v soukrom\u00ed v Promajn\u011b, ale tak\u00e9 na ubytov\u00e1n\u00ed v soukrom\u00ed na zbytku Makarsk\u00e9 rivi\u00e9ry. Cestovn\u00ed ...","og_url":"https:\/\/www.promajna-tours.hr\/cs\/kontakt\/","og_site_name":"Promajna Tours","article_publisher":"https:\/\/www.facebook.com\/promajnatoursHR\/","article_modified_time":"2023-09-28T12:35:01+00:00","og_image":[{"width":1980,"height":1484,"url":"https:\/\/www.promajna-tours.hr\/wp-content\/uploads\/2023\/04\/Anka-4.jpg","type":"image\/jpeg"}],"twitter_card":"summary_large_image","twitter_site":"@promajnatours","schema":{"@context":"https:\/\/schema.org","@graph":[{"@type":"WebPage","@id":"https:\/\/www.promajna-tours.hr\/cs\/kontakt\/","url":"https:\/\/www.promajna-tours.hr\/cs\/kontakt\/","name":"Kontakt - Promajna Tours","isPartOf":{"@id":"https:\/\/www.promajna-tours.hr\/#website"},"datePublished":"2019-06-23T21:26:14+00:00","dateModified":"2023-09-28T12:35:01+00:00","description":"Kontakt - Specializujeme se na ubytov\u00e1n\u00ed v soukrom\u00ed v Promajn\u011b, ale tak\u00e9 na ubytov\u00e1n\u00ed v soukrom\u00ed na zbytku Makarsk\u00e9 rivi\u00e9ry. Cestovn\u00ed ...","breadcrumb":{"@id":"https:\/\/www.promajna-tours.hr\/cs\/kontakt\/#breadcrumb"},"inLanguage":"cs","potentialAction":[{"@type":"ReadAction","target":["https:\/\/www.promajna-tours.hr\/cs\/kontakt\/"]}]},{"@type":"BreadcrumbList","@id":"https:\/\/www.promajna-tours.hr\/cs\/kontakt\/#breadcrumb","itemListElement":[{"@type":"ListItem","position":1,"name":"Po\u010detna stranica","item":"https:\/\/www.promajna-tours.hr\/cs\/"},{"@type":"ListItem","position":2,"name":"Kontakt"}]},{"@type":"WebSite","@id":"https:\/\/www.promajna-tours.hr\/#website","url":"https:\/\/www.promajna-tours.hr\/","name":"Promajna Tours","description":"Apartmani Makarska rivijera","publisher":{"@id":"https:\/\/www.promajna-tours.hr\/#organization"},"potentialAction":[{"@type":"SearchAction","target":{"@type":"EntryPoint","urlTemplate":"https:\/\/www.promajna-tours.hr\/?s={search_term_string}"},"query-input":"required name=search_term_string"}],"inLanguage":"cs"},{"@type":"Organization","@id":"https:\/\/www.promajna-tours.hr\/#organization","name":"Promajna Tours d.o.o.","url":"https:\/\/www.promajna-tours.hr\/","logo":{"@type":"ImageObject","inLanguage":"cs","@id":"https:\/\/www.promajna-tours.hr\/#\/schema\/logo\/image\/","url":"https:\/\/www.promajna-tours.hr\/wp-content\/uploads\/2021\/11\/logo-novi.png","contentUrl":"https:\/\/www.promajna-tours.hr\/wp-content\/uploads\/2021\/11\/logo-novi.png","width":216,"height":129,"caption":"Promajna Tours d.o.o."},"image":{"@id":"https:\/\/www.promajna-tours.hr\/#\/schema\/logo\/image\/"},"sameAs":["https:\/\/www.facebook.com\/promajnatoursHR\/","https:\/\/twitter.com\/promajnatours","https:\/\/www.instagram.com\/promajnatours\/","https:\/\/www.youtube.com\/channel\/UCMDAfrJ-MCRDYzjXTBoVIXA"]}]}},"_links":{"self":[{"href":"https:\/\/www.promajna-tours.hr\/cs\/wp-json\/wp\/v2\/pages\/7962"}],"collection":[{"href":"https:\/\/www.promajna-tours.hr\/cs\/wp-json\/wp\/v2\/pages"}],"about":[{"href":"https:\/\/www.promajna-tours.hr\/cs\/wp-json\/wp\/v2\/types\/page"}],"author":[{"embeddable":true,"href":"https:\/\/www.promajna-tours.hr\/cs\/wp-json\/wp\/v2\/users\/2"}],"replies":[{"embeddable":true,"href":"https:\/\/www.promajna-tours.hr\/cs\/wp-json\/wp\/v2\/comments?post=7962"}],"version-history":[{"count":1,"href":"https:\/\/www.promajna-tours.hr\/cs\/wp-json\/wp\/v2\/pages\/7962\/revisions"}],"predecessor-version":[{"id":8153,"href":"https:\/\/www.promajna-tours.hr\/cs\/wp-json\/wp\/v2\/pages\/7962\/revisions\/8153"}],"wp:featuredmedia":[{"embeddable":true,"href":"https:\/\/www.promajna-tours.hr\/cs\/wp-json\/wp\/v2\/media\/400356"}],"wp:attachment":[{"href":"https:\/\/www.promajna-tours.hr\/cs\/wp-json\/wp\/v2\/media?parent=7962"}],"curies":[{"name":"wp","href":"https:\/\/api.w.org\/{rel}","templated":true}]}}