{"id":7959,"date":"2019-06-27T12:43:06","date_gmt":"2019-06-27T10:43:06","guid":{"rendered":"https:\/\/www.promajna-tours.hr\/informacije\/"},"modified":"2023-09-28T16:10:56","modified_gmt":"2023-09-28T14:10:56","slug":"information","status":"publish","type":"page","link":"https:\/\/www.promajna-tours.hr\/de\/information\/","title":{"rendered":"Information"},"content":{"rendered":"            <div class=\"qae-faqs-container qae-faqs-toggle-container\">\n\t\t\t\t\t\t<div id=\"qaef-7992\" class=\"qe-faq-toggle \">\n\t\t\t<div class=\"qe-toggle-title\">\n\t\t\t\t<h4>\n\t\t\t\t\t<i class=\"fa fa-minus-circle\"><\/i> Angebot\t\t\t\t<\/h4>\n\t\t\t<\/div>\n\t\t\t<div class=\"qe-toggle-content\">\n\t\t\t\t<p>Information zur Agentur &#8211; Reiseb\u00fcro &#8222;Promajna Tours&#8220;, mit Sitz in Promajna. Adresse der Agentur Zagreba\u010dka 35. Die Agentur vermittelt im Namen und im Auftrag des Eigent\u00fcmers bei der Reservierung von Unterk\u00fcnften und stellt somit dem Gast eine Unterkunft zur Verf\u00fcgung. Die Agentur vermittelt auch beim Mieten von Motorrollern, Fahrr\u00e4dern, Schnellbooten und organisiert Ausfl\u00fcge.<\/p>\n\t\t\t<\/div>\n\t\t<\/div>\n\t\t\t\t<div id=\"qaef-8100\" class=\"qe-faq-toggle \">\n\t\t\t<div class=\"qe-toggle-title\">\n\t\t\t\t<h4>\n\t\t\t\t\t<i class=\"fa fa-minus-circle\"><\/i> Reservierung und Zahlung\t\t\t\t<\/h4>\n\t\t\t<\/div>\n\t\t\t<div class=\"qe-toggle-content\">\n\t\t\t\t<p>Anfragen zur Unterkunftsbuchung werden elektronisch, schriftlich oder pers\u00f6nlich im B\u00fcro der Agentur entgegengenommen. Mit der Reservierung best\u00e4tigt der Gast, dass ihm diese Allgemeinen Gesch\u00e4ftsbedingungen bekannt sind. Auf diese Weise wird all dies zu einer rechtlichen Verpflichtung f\u00fcr den Gast und die Agentur.<br \/>\nDie Reservierung kann nur durch Vorauszahlung erfolgen, w\u00e4hrend der Restbetrag am Tag der Ankunft direkt an den Eigent\u00fcmer gezahlt wird.<\/p>\n\t\t\t<\/div>\n\t\t<\/div>\n\t\t\t\t<div id=\"qaef-8095\" class=\"qe-faq-toggle \">\n\t\t\t<div class=\"qe-toggle-title\">\n\t\t\t\t<h4>\n\t\t\t\t\t<i class=\"fa fa-minus-circle\"><\/i> Preis der Dienstleistung\t\t\t\t<\/h4>\n\t\t\t<\/div>\n\t\t\t<div class=\"qe-toggle-content\">\n\t\t\t\t<p>Der Preis der Unterkunft beinhaltet die in der Reservierung angegebene Grundleistung: Tagesmiete, Bettw\u00e4sche, Handt\u00fccher, ausgestattete K\u00fcche mit den notwendigen Utensilien und Zubeh\u00f6r, Wasser, Strom, Gas, Klimaanlage, Parkplatz, Steuern und Kurtaxe. Sonderleistungen sind nicht im Preis inbegriffen (Fr\u00fchst\u00fccksservice, Bootsverleih\u2026) und m\u00fcssen separat bezahlt werden. Die Unterkunftspreise werden vom Eigent\u00fcmer der Unterkunftseinheit genehmigt, der das Recht hat, sie zu \u00e4ndern. Bei einem Aufenthalt unter vier Tagen erh\u00f6ht sich der Preis um 30 %. Im Falle einer \u00c4nderung des Preises einer bestimmten Unterkunftseinheit nach der Anmeldung und vor der Vorauszahlung verpflichtet sich die Agentur, den Gast unverz\u00fcglich dar\u00fcber zu informieren und ihm eine neue Rechnung zuzusenden. Die Agentur garantiert den G\u00e4sten, die die Anzahlung geleistet haben, dass der verbleibende Teil auf der Grundlage der vorherigen Berechnung berechnet wird, nach der der Gast die Unterkunftseinheit gebucht hat.<\/p>\n\t\t\t<\/div>\n\t\t<\/div>\n\t\t\t\t<div id=\"qaef-8110\" class=\"qe-faq-toggle \">\n\t\t\t<div class=\"qe-toggle-title\">\n\t\t\t\t<h4>\n\t\t\t\t\t<i class=\"fa fa-minus-circle\"><\/i> Kategorisierung und Beschreibung der Dienste\t\t\t\t<\/h4>\n\t\t\t<\/div>\n\t\t\t<div class=\"qe-toggle-content\">\n\t\t\t\t<p>Die angebotenen Wohneinheiten sind nach der offiziellen Kategorisierung des zust\u00e4ndigen Tr\u00e4gers beschrieben. Die Standards f\u00fcr Unterkunft, Verpflegung und andere Dienstleistungen sind an manchen Orten unterschiedlich und nicht vergleichbar.<br \/>\nJeder Gast sollte in einer sauberen und ordentlichen Wohneinheit aufgenommen werden. F\u00fcr G\u00e4ste, die l\u00e4nger als eine Woche bleiben, stehen zus\u00e4tzliche Bettw\u00e4sche und Handt\u00fccher zur Verf\u00fcgung.<br \/>\nDie G\u00e4ste kommen nach 14:00 Uhr in der Unterkunftseinheit an und verlassen die Unterkunftseinheit am Abreisetag bis 10:00 Uhr. Die Schl\u00fcssel\u00fcbergabe der Wohneinheit erfolgt im Geb\u00e4ude durch den Eigent\u00fcmer oder einen Vertreter der Agentur.<\/p>\n\t\t\t<\/div>\n\t\t<\/div>\n\t\t\t\t<div id=\"qaef-8141\" class=\"qe-faq-toggle \">\n\t\t\t<div class=\"qe-toggle-title\">\n\t\t\t\t<h4>\n\t\t\t\t\t<i class=\"fa fa-minus-circle\"><\/i> \u00c4nderungs und Stornierungsrecht der Agentur\t\t\t\t<\/h4>\n\t\t\t<\/div>\n\t\t\t<div class=\"qe-toggle-content\">\n\t\t\t\t<p>Die Agentur hat das Recht, die gebuchte Unterkunft zu \u00e4ndern oder zu stornieren, wenn vor oder w\u00e4hrend des Urlaubs unerwartete Umst\u00e4nde eintreten, die nicht vermieden oder beseitigt werden k\u00f6nnen. Die Agentur bietet dem Gast dann mit Hilfe des Eigent\u00fcmers eine alternative Unterkunft an, jedoch nur mit Erlaubnis und Zustimmung des Gastes. Die angebotene Unterkunft sollte der gleichen oder einer h\u00f6heren Kategorie zum Preis der Unterkunft entsprechen, zu der der Gast die Reservierung best\u00e4tigt hat.<\/p>\n\t\t\t<\/div>\n\t\t<\/div>\n\t\t\t\t<div id=\"qaef-8149\" class=\"qe-faq-toggle \">\n\t\t\t<div class=\"qe-toggle-title\">\n\t\t\t\t<h4>\n\t\t\t\t\t<i class=\"fa fa-minus-circle\"><\/i> Das Recht des Kunden auf \u00c4nderungen und Stornierungen\t\t\t\t<\/h4>\n\t\t\t<\/div>\n\t\t\t<div class=\"qe-toggle-content\">\n\t\t\t\t<p>Wenn der Kunde die auf seine Anfrage vorgenommene Reservierung \u00e4ndern oder stornieren m\u00f6chte, muss dies schriftlich erfolgen.<br \/>\nBei einer best\u00e4tigten Reservierung einer Privatunterkunft ist das Eingangsdatum der schriftlichen Stornierung die Grundlage f\u00fcr die Berechnung der Stornokosten:<\/p>\n<p>&#8211; 30 Tage vor Leistungsbeginn werden 50 % der geleisteten Vorauszahlung abz\u00fcglich der Bankgeb\u00fchren einbehalten.<\/p>\n<p>&#8211; Ab 29 Tagen vor Leistungsbeginn behalten wir die gesamte Vorauszahlung ein.<\/p>\n<p>Erscheint der Kunde am Tag der Leistung bis Mitternacht nicht in der gebuchten Unterkunft und hat er die Agentur oder den Leistungstr\u00e4ger nicht vorher informiert, gilt die Reservierung als storniert und die Kosten werden wie oben berechnet.<\/p>\n\t\t\t<\/div>\n\t\t<\/div>\n\t\t\t\t<div id=\"qaef-8186\" class=\"qe-faq-toggle \">\n\t\t\t<div class=\"qe-toggle-title\">\n\t\t\t\t<h4>\n\t\t\t\t\t<i class=\"fa fa-minus-circle\"><\/i> Pflichten der Agentur und der Vermieter\t\t\t\t<\/h4>\n\t\t\t<\/div>\n\t\t\t<div class=\"qe-toggle-content\">\n\t\t\t\t<p>Aufgabe der Agentur ist es, sich um die Durchf\u00fchrung der Leistungen, sowie die Auswahl des Eigent\u00fcmers und die Rechte und Interessen des Gastes im Einklang mit den Gepflogenheiten des Tourismus zu k\u00fcmmern. Der Vermieter ist verpflichtet, daf\u00fcr zu sorgen, dass dem Gast alle gemieteten Leistungen zur Verf\u00fcgung gestellt werden, und haftet daher gegen\u00fcber dem Gast f\u00fcr eine eventuelle Nichterf\u00fcllung gemieteter Leistungen oder eines Teils der Leistungen. Die Agentur und der Eigent\u00fcmer schlie\u00dfen jegliche Haftung im Falle von \u00c4nderungen und Nichterbringung von Dienstleistungen aufgrund h\u00f6herer Gewalt aus.<\/p>\n\t\t\t<\/div>\n\t\t<\/div>\n\t\t\t\t<div id=\"qaef-8215\" class=\"qe-faq-toggle \">\n\t\t\t<div class=\"qe-toggle-title\">\n\t\t\t\t<h4>\n\t\t\t\t\t<i class=\"fa fa-minus-circle\"><\/i> Pflichten des Kunden\t\t\t\t<\/h4>\n\t\t\t<\/div>\n\t\t\t<div class=\"qe-toggle-content\">\n\t\t\t\t<p>Der Gast ist verpflichtet:<\/p>\n<ul>\n<li>g\u00fcltige Reisedokumente besitzen<\/li>\n<li>die Zoll- und Devisenvorschriften der Republik Kroatien einhalten<\/li>\n<li>sich an die Hausordnung in der Unterkunftseinheit halten und mit dem Eigent\u00fcmer oder der Agentur nach Treu und Glauben zusammenarbeiten<\/li>\n<li>dem Eigent\u00fcmer alle in der Unterkunftseinheit verursachten Sch\u00e4den vollst\u00e4ndig zu erstatten.<\/li>\n<\/ul>\n<p>Bei Nichtbeachtung tr\u00e4gt der Gast die Verantwortung und die entstehenden Kosten.<\/p>\n\t\t\t<\/div>\n\t\t<\/div>\n\t\t\t\t<div id=\"qaef-8232\" class=\"qe-faq-toggle \">\n\t\t\t<div class=\"qe-toggle-title\">\n\t\t\t\t<h4>\n\t\t\t\t\t<i class=\"fa fa-minus-circle\"><\/i> Reklamationen l\u00f6sen\t\t\t\t<\/h4>\n\t\t\t<\/div>\n\t\t\t<div class=\"qe-toggle-content\">\n\t\t\t\t\r\n<p>Der Gast hat das Recht, f\u00fcr nicht erbrachte Leistungen ein bestimmtes Entgelt zu verlangen. Dem Antrag hat der Gast eine schriftliche Beanstandung beizuf\u00fcgen.<br \/>Beschwerdeverfahren:<br \/><br \/><\/p>\r\n<ul>\r\n<li>Wenn der Gast am Zielort mit dem Zustand der Unterkunftseinheit nicht zufrieden ist, sollte er dies sofort bei der Ankunft der Agentur mitteilen oder die Beschwerde unverz\u00fcglich dem Eigent\u00fcmer melden.<br \/>Der Gast ist verpflichtet, mit dem Vertreter der Agentur und dem Eigent\u00fcmer nach Treu und Glauben zusammenzuarbeiten, um die Ursachen der Unzufriedenheit zu beseitigen. Wenn die Beschwerde berechtigt ist und die Leistung des Eigent\u00fcmers nicht zufriedenstellend ist, wird die Agentur alles tun, um sicherzustellen, dass der Gast eine akzeptable L\u00f6sung erh\u00e4lt, die der an den Eigent\u00fcmer gezahlten Leistung entspricht. Die Agentur oder der Eigent\u00fcmer d\u00fcrfen dem Gast als Ersatz f\u00fcr die Beherbergung keine Leistung von geringerem Wert anbieten.<br \/><br \/><\/li>\r\n<li>Verl\u00e4sst der Gast freiwillig die Unterkunftseinheit und sucht sich eine andere Unterkunft und gibt der Agentur somit keine M\u00f6glichkeit, das Problem zu l\u00f6sen, so hat der Gast kein Recht auf R\u00fcckerstattung oder Schadensersatzklage.<br \/><br \/><\/li>\r\n<li>Sp\u00e4testens 8 Tage nach R\u00fcckkehr von der Reise muss der Gast eine schriftliche Beschwerde bei der Agentur einreichen (mit einem vom Eigent\u00fcmer unterzeichneten Bericht \u00fcber den Sachverhalt und allf\u00e4lligen Rechnungen \u00fcber die entstandenen Kosten). Die Agentur verpflichtet sich, die Beschwerde innerhalb von 14 Tagen nach Eingang der Beschwerde zu l\u00f6sen. Der Gast verzichtet bis zur Entscheidung der Agentur auf die Vermittlung durch eine andere Person, gerichtliche Einrichtung oder die Auskunftserteilung an die Medien. Ausgenommen hiervon ist das Recht des Gastes auf Ersatz mittelbarer Sch\u00e4den. Hat der Gast vor Ort keine mangelhaften Leistungen beworben oder nach 8 Tagen R\u00fcckkehr von der Reise schriftlich reklamiert, wird die Agentur einen solchen Einwand nicht akzeptieren.<\/li>\r\n<\/ul>\r\n\t\t\t<\/div>\n\t\t<\/div>\n\t\t\t\t<div id=\"qaef-8277\" class=\"qe-faq-toggle \">\n\t\t\t<div class=\"qe-toggle-title\">\n\t\t\t\t<h4>\n\t\t\t\t\t<i class=\"fa fa-minus-circle\"><\/i> Zust\u00e4ndigkeit des Gerichts\t\t\t\t<\/h4>\n\t\t\t<\/div>\n\t\t\t<div class=\"qe-toggle-content\">\n\t\t\t\t<p>Wenn der Gast mit der L\u00f6sung seiner Beschwerde durch die Agentur nicht zufrieden ist, hat er das Recht, ein Gerichtsverfahren einzuleiten. In diesem Fall ist das Handelsgericht in Split zust\u00e4ndig.<\/p>\n<p>Notiz:<br \/>\nWir akzeptieren keine Reklamationen \u00fcber Last-Minute-Angebote oder \u00fcber reduzierte Unterk\u00fcnfte!<\/p>\n\t\t\t<\/div>\n\t\t<\/div>\n\t\t            <\/div>\n\t\t\n","protected":false},"excerpt":{"rendered":"","protected":false},"author":2,"featured_media":400358,"parent":0,"menu_order":0,"comment_status":"closed","ping_status":"closed","template":"templates\/full-width.php","meta":[],"acf":[],"yoast_head":"<!-- This site is optimized with the Yoast SEO plugin v20.6 - https:\/\/yoast.com\/wordpress\/plugins\/seo\/ -->\n<title>Information - Promajna Tours<\/title>\n<meta name=\"description\" content=\"Information - Wir sind spezialisiert auf die Vermietung von Unterk\u00fcnften in Promajna und dem Rest der Makarska Riviera. Promajna Tours ist...\" \/>\n<meta name=\"robots\" content=\"index, follow, max-snippet:-1, max-image-preview:large, max-video-preview:-1\" \/>\n<link rel=\"canonical\" href=\"https:\/\/www.promajna-tours.hr\/de\/information\/\" \/>\n<meta property=\"og:locale\" content=\"de_DE\" \/>\n<meta property=\"og:type\" content=\"article\" \/>\n<meta property=\"og:title\" content=\"Information - Promajna Tours\" \/>\n<meta property=\"og:description\" content=\"Information - Wir sind spezialisiert auf die Vermietung von Unterk\u00fcnften in Promajna und dem Rest der Makarska Riviera. Promajna Tours ist...\" \/>\n<meta property=\"og:url\" content=\"https:\/\/www.promajna-tours.hr\/de\/information\/\" \/>\n<meta property=\"og:site_name\" content=\"Promajna Tours\" \/>\n<meta property=\"article:publisher\" content=\"https:\/\/www.facebook.com\/promajnatoursHR\/\" \/>\n<meta property=\"article:modified_time\" content=\"2023-09-28T14:10:56+00:00\" \/>\n<meta property=\"og:image\" content=\"https:\/\/www.promajna-tours.hr\/wp-content\/uploads\/2023\/04\/Anka-4.jpg\" \/>\n\t<meta property=\"og:image:width\" content=\"1980\" \/>\n\t<meta property=\"og:image:height\" content=\"1484\" \/>\n\t<meta property=\"og:image:type\" content=\"image\/jpeg\" \/>\n<meta name=\"twitter:card\" content=\"summary_large_image\" \/>\n<meta name=\"twitter:site\" content=\"@promajnatours\" \/>\n<meta name=\"twitter:label1\" content=\"Gesch\u00e4tzte Lesezeit\" \/>\n\t<meta name=\"twitter:data1\" content=\"1 Minute\" \/>\n<script type=\"application\/ld+json\" class=\"yoast-schema-graph\">{\"@context\":\"https:\/\/schema.org\",\"@graph\":[{\"@type\":\"WebPage\",\"@id\":\"https:\/\/www.promajna-tours.hr\/de\/information\/\",\"url\":\"https:\/\/www.promajna-tours.hr\/de\/information\/\",\"name\":\"Information - Promajna Tours\",\"isPartOf\":{\"@id\":\"https:\/\/www.promajna-tours.hr\/#website\"},\"datePublished\":\"2019-06-27T10:43:06+00:00\",\"dateModified\":\"2023-09-28T14:10:56+00:00\",\"description\":\"Information - Wir sind spezialisiert auf die Vermietung von Unterk\u00fcnften in Promajna und dem Rest der Makarska Riviera. Promajna Tours ist...\",\"breadcrumb\":{\"@id\":\"https:\/\/www.promajna-tours.hr\/de\/information\/#breadcrumb\"},\"inLanguage\":\"de-DE\",\"potentialAction\":[{\"@type\":\"ReadAction\",\"target\":[\"https:\/\/www.promajna-tours.hr\/de\/information\/\"]}]},{\"@type\":\"BreadcrumbList\",\"@id\":\"https:\/\/www.promajna-tours.hr\/de\/information\/#breadcrumb\",\"itemListElement\":[{\"@type\":\"ListItem\",\"position\":1,\"name\":\"Po\u010detna stranica\",\"item\":\"https:\/\/www.promajna-tours.hr\/de\/\"},{\"@type\":\"ListItem\",\"position\":2,\"name\":\"Information\"}]},{\"@type\":\"WebSite\",\"@id\":\"https:\/\/www.promajna-tours.hr\/#website\",\"url\":\"https:\/\/www.promajna-tours.hr\/\",\"name\":\"Promajna Tours\",\"description\":\"Apartmani Makarska rivijera\",\"publisher\":{\"@id\":\"https:\/\/www.promajna-tours.hr\/#organization\"},\"potentialAction\":[{\"@type\":\"SearchAction\",\"target\":{\"@type\":\"EntryPoint\",\"urlTemplate\":\"https:\/\/www.promajna-tours.hr\/?s={search_term_string}\"},\"query-input\":\"required name=search_term_string\"}],\"inLanguage\":\"de-DE\"},{\"@type\":\"Organization\",\"@id\":\"https:\/\/www.promajna-tours.hr\/#organization\",\"name\":\"Promajna Tours d.o.o.\",\"url\":\"https:\/\/www.promajna-tours.hr\/\",\"logo\":{\"@type\":\"ImageObject\",\"inLanguage\":\"de-DE\",\"@id\":\"https:\/\/www.promajna-tours.hr\/#\/schema\/logo\/image\/\",\"url\":\"https:\/\/www.promajna-tours.hr\/wp-content\/uploads\/2021\/11\/logo-novi.png\",\"contentUrl\":\"https:\/\/www.promajna-tours.hr\/wp-content\/uploads\/2021\/11\/logo-novi.png\",\"width\":216,\"height\":129,\"caption\":\"Promajna Tours d.o.o.\"},\"image\":{\"@id\":\"https:\/\/www.promajna-tours.hr\/#\/schema\/logo\/image\/\"},\"sameAs\":[\"https:\/\/www.facebook.com\/promajnatoursHR\/\",\"https:\/\/twitter.com\/promajnatours\",\"https:\/\/www.instagram.com\/promajnatours\/\",\"https:\/\/www.youtube.com\/channel\/UCMDAfrJ-MCRDYzjXTBoVIXA\"]}]}<\/script>\n<!-- \/ Yoast SEO plugin. -->","yoast_head_json":{"title":"Information - Promajna Tours","description":"Information - Wir sind spezialisiert auf die Vermietung von Unterk\u00fcnften in Promajna und dem Rest der Makarska Riviera. Promajna Tours ist...","robots":{"index":"index","follow":"follow","max-snippet":"max-snippet:-1","max-image-preview":"max-image-preview:large","max-video-preview":"max-video-preview:-1"},"canonical":"https:\/\/www.promajna-tours.hr\/de\/information\/","og_locale":"de_DE","og_type":"article","og_title":"Information - Promajna Tours","og_description":"Information - Wir sind spezialisiert auf die Vermietung von Unterk\u00fcnften in Promajna und dem Rest der Makarska Riviera. Promajna Tours ist...","og_url":"https:\/\/www.promajna-tours.hr\/de\/information\/","og_site_name":"Promajna Tours","article_publisher":"https:\/\/www.facebook.com\/promajnatoursHR\/","article_modified_time":"2023-09-28T14:10:56+00:00","og_image":[{"width":1980,"height":1484,"url":"https:\/\/www.promajna-tours.hr\/wp-content\/uploads\/2023\/04\/Anka-4.jpg","type":"image\/jpeg"}],"twitter_card":"summary_large_image","twitter_site":"@promajnatours","twitter_misc":{"Gesch\u00e4tzte Lesezeit":"1 Minute"},"schema":{"@context":"https:\/\/schema.org","@graph":[{"@type":"WebPage","@id":"https:\/\/www.promajna-tours.hr\/de\/information\/","url":"https:\/\/www.promajna-tours.hr\/de\/information\/","name":"Information - Promajna Tours","isPartOf":{"@id":"https:\/\/www.promajna-tours.hr\/#website"},"datePublished":"2019-06-27T10:43:06+00:00","dateModified":"2023-09-28T14:10:56+00:00","description":"Information - Wir sind spezialisiert auf die Vermietung von Unterk\u00fcnften in Promajna und dem Rest der Makarska Riviera. Promajna Tours ist...","breadcrumb":{"@id":"https:\/\/www.promajna-tours.hr\/de\/information\/#breadcrumb"},"inLanguage":"de-DE","potentialAction":[{"@type":"ReadAction","target":["https:\/\/www.promajna-tours.hr\/de\/information\/"]}]},{"@type":"BreadcrumbList","@id":"https:\/\/www.promajna-tours.hr\/de\/information\/#breadcrumb","itemListElement":[{"@type":"ListItem","position":1,"name":"Po\u010detna stranica","item":"https:\/\/www.promajna-tours.hr\/de\/"},{"@type":"ListItem","position":2,"name":"Information"}]},{"@type":"WebSite","@id":"https:\/\/www.promajna-tours.hr\/#website","url":"https:\/\/www.promajna-tours.hr\/","name":"Promajna Tours","description":"Apartmani Makarska rivijera","publisher":{"@id":"https:\/\/www.promajna-tours.hr\/#organization"},"potentialAction":[{"@type":"SearchAction","target":{"@type":"EntryPoint","urlTemplate":"https:\/\/www.promajna-tours.hr\/?s={search_term_string}"},"query-input":"required name=search_term_string"}],"inLanguage":"de-DE"},{"@type":"Organization","@id":"https:\/\/www.promajna-tours.hr\/#organization","name":"Promajna Tours d.o.o.","url":"https:\/\/www.promajna-tours.hr\/","logo":{"@type":"ImageObject","inLanguage":"de-DE","@id":"https:\/\/www.promajna-tours.hr\/#\/schema\/logo\/image\/","url":"https:\/\/www.promajna-tours.hr\/wp-content\/uploads\/2021\/11\/logo-novi.png","contentUrl":"https:\/\/www.promajna-tours.hr\/wp-content\/uploads\/2021\/11\/logo-novi.png","width":216,"height":129,"caption":"Promajna Tours d.o.o."},"image":{"@id":"https:\/\/www.promajna-tours.hr\/#\/schema\/logo\/image\/"},"sameAs":["https:\/\/www.facebook.com\/promajnatoursHR\/","https:\/\/twitter.com\/promajnatours","https:\/\/www.instagram.com\/promajnatours\/","https:\/\/www.youtube.com\/channel\/UCMDAfrJ-MCRDYzjXTBoVIXA"]}]}},"_links":{"self":[{"href":"https:\/\/www.promajna-tours.hr\/de\/wp-json\/wp\/v2\/pages\/7959"}],"collection":[{"href":"https:\/\/www.promajna-tours.hr\/de\/wp-json\/wp\/v2\/pages"}],"about":[{"href":"https:\/\/www.promajna-tours.hr\/de\/wp-json\/wp\/v2\/types\/page"}],"author":[{"embeddable":true,"href":"https:\/\/www.promajna-tours.hr\/de\/wp-json\/wp\/v2\/users\/2"}],"replies":[{"embeddable":true,"href":"https:\/\/www.promajna-tours.hr\/de\/wp-json\/wp\/v2\/comments?post=7959"}],"version-history":[{"count":3,"href":"https:\/\/www.promajna-tours.hr\/de\/wp-json\/wp\/v2\/pages\/7959\/revisions"}],"predecessor-version":[{"id":8090,"href":"https:\/\/www.promajna-tours.hr\/de\/wp-json\/wp\/v2\/pages\/7959\/revisions\/8090"}],"wp:featuredmedia":[{"embeddable":true,"href":"https:\/\/www.promajna-tours.hr\/de\/wp-json\/wp\/v2\/media\/400358"}],"wp:attachment":[{"href":"https:\/\/www.promajna-tours.hr\/de\/wp-json\/wp\/v2\/media?parent=7959"}],"curies":[{"name":"wp","href":"https:\/\/api.w.org\/{rel}","templated":true}]}}