{"id":7960,"date":"2019-06-27T12:43:06","date_gmt":"2019-06-27T10:43:06","guid":{"rendered":"https:\/\/www.promajna-tours.hr\/informacije\/"},"modified":"2023-09-29T09:51:35","modified_gmt":"2023-09-29T07:51:35","slug":"informacja","status":"publish","type":"page","link":"https:\/\/www.promajna-tours.hr\/pl\/informacja\/","title":{"rendered":"Informacja"},"content":{"rendered":"            <div class=\"qae-faqs-container qae-faqs-toggle-container\">\n\t\t\t\t\t\t<div id=\"qaef-7993\" class=\"qe-faq-toggle \">\n\t\t\t<div class=\"qe-toggle-title\">\n\t\t\t\t<h4>\n\t\t\t\t\t<i class=\"fa fa-minus-circle\"><\/i> Oferta\t\t\t\t<\/h4>\n\t\t\t<\/div>\n\t\t\t<div class=\"qe-toggle-content\">\n\t\t\t\t<p>Informacja o agencji &#8211; biuro podr\u00f3\u017cy \u201ePromajna tours\u201d, z siedzib\u0105 w Promajnie. Adres agencji Zagreba\u010dka 35. Agencja po\u015bredniczy w rezerwacji zakwaterowania w imieniu i na rzecz w\u0142a\u015bciciela iw ten spos\u00f3b zapewnia zakwaterowanie go\u015bciowi. Agencja po\u015bredniczy r\u00f3wnie\u017c w wynajmie skuter\u00f3w, rower\u00f3w, motor\u00f3wek oraz organizacji wycieczek.<\/p>\n\t\t\t<\/div>\n\t\t<\/div>\n\t\t\t\t<div id=\"qaef-8101\" class=\"qe-faq-toggle \">\n\t\t\t<div class=\"qe-toggle-title\">\n\t\t\t\t<h4>\n\t\t\t\t\t<i class=\"fa fa-minus-circle\"><\/i> Rezerwacja i p\u0142atno\u015b\u0107\t\t\t\t<\/h4>\n\t\t\t<\/div>\n\t\t\t<div class=\"qe-toggle-content\">\n\t\t\t\t<p>Zapytania o rezerwacj\u0119 nocleg\u00f3w przyjmujemy elektronicznie, pisemnie lub osobi\u015bcie w biurze agencji. Dokonuj\u0105c rezerwacji Go\u015b\u0107 potwierdza, \u017ce zapozna\u0142 si\u0119 z niniejszymi Og\u00f3lnymi Warunkami. W ten spos\u00f3b wszystko to staje si\u0119 prawnym obowi\u0105zkiem go\u015bcia i agencji.<br \/>\nRezerwacji mo\u017cna dokona\u0107 wy\u0142\u0105cznie poprzez wp\u0142at\u0119 zaliczki, natomiast pozosta\u0142\u0105 cz\u0119\u015b\u0107 kwoty wp\u0142acamy bezpo\u015brednio w\u0142a\u015bcicielowi w dniu przyjazdu.<\/p>\n\t\t\t<\/div>\n\t\t<\/div>\n\t\t\t\t<div id=\"qaef-8096\" class=\"qe-faq-toggle \">\n\t\t\t<div class=\"qe-toggle-title\">\n\t\t\t\t<h4>\n\t\t\t\t\t<i class=\"fa fa-minus-circle\"><\/i> Cena us\u0142ugi\t\t\t\t<\/h4>\n\t\t\t<\/div>\n\t\t\t<div class=\"qe-toggle-content\">\n\t\t\t\t<p>Cena zakwaterowania obejmuje podstawow\u0105 us\u0142ug\u0119 okre\u015blon\u0105 w rezerwacji: czynsz dzienny, po\u015bciel, r\u0119czniki, wyposa\u017con\u0105 kuchni\u0119 z niezb\u0119dnymi naczyniami i akcesoriami, wod\u0119, pr\u0105d, gaz, klimatyzacj\u0119, parking, podatki i op\u0142at\u0119 klimatyczn\u0105. Us\u0142ugi specjalne nie s\u0105 wliczone w cen\u0119 (\u015bniadanie, wypo\u017cyczenie \u0142odzi\u2026) i nale\u017cy je ui\u015bci\u0107 osobno. Ceny nocleg\u00f3w zatwierdza w\u0142a\u015bciciel kwatery, kt\u00f3ra ma prawo je zmieni\u0107. W przypadku pobyt\u00f3w kr\u00f3tszych ni\u017c cztery dni cena wzrasta o 30%. W przypadku zmiany ceny danej jednostki noclegowej po rejestracji, a przed wp\u0142at\u0105 zaliczki, agencja zobowi\u0105zuje si\u0119 do niezw\u0142ocznego poinformowania o tym go\u015bcia i wys\u0142ania mu nowego rachunku. Agencja gwarantuje go\u015bciom, kt\u00f3rzy wp\u0142acili zaliczk\u0119, \u017ce pozosta\u0142a cz\u0119\u015b\u0107 zostanie obliczona na podstawie poprzedniej kalkulacji, wed\u0142ug kt\u00f3rej go\u015b\u0107 zarezerwowa\u0142 kwater\u0119.<\/p>\n\t\t\t<\/div>\n\t\t<\/div>\n\t\t\t\t<div id=\"qaef-8111\" class=\"qe-faq-toggle \">\n\t\t\t<div class=\"qe-toggle-title\">\n\t\t\t\t<h4>\n\t\t\t\t\t<i class=\"fa fa-minus-circle\"><\/i> Kategoryzacja i opis us\u0142ug\t\t\t\t<\/h4>\n\t\t\t<\/div>\n\t\t\t<div class=\"qe-toggle-content\">\n\t\t\t\t<p>Oferowane kwatery s\u0105 opisane zgodnie z oficjaln\u0105 kategoryzacj\u0105 w\u0142a\u015bciwej instytucji. Standardy zakwaterowania, wy\u017cywienia i innych us\u0142ug w niekt\u00f3rych miejscach s\u0105 r\u00f3\u017cne i niepor\u00f3wnywalne.<br \/>\nKa\u017cdy go\u015b\u0107 powinien zosta\u0107 przyj\u0119ty do czystej i schludnej kwatery. W przypadku pobyt\u00f3w d\u0142u\u017cszych ni\u017c tydzie\u0144 dost\u0119pna b\u0119dzie dodatkowa po\u015bciel i r\u0119czniki.<br \/>\nGo\u015bcie przyje\u017cd\u017caj\u0105 do kwatery po godzinie 14:00 i opuszczaj\u0105 kwater\u0119 do godziny 10:00 w dniu wyjazdu. Przekazanie klucza do kwatery odbywa si\u0119 w budynku przez w\u0142a\u015bciciela lub przedstawiciela agencji.<\/p>\n\t\t\t<\/div>\n\t\t<\/div>\n\t\t\t\t<div id=\"qaef-8142\" class=\"qe-faq-toggle \">\n\t\t\t<div class=\"qe-toggle-title\">\n\t\t\t\t<h4>\n\t\t\t\t\t<i class=\"fa fa-minus-circle\"><\/i> Prawo agencji do zmian i anulowania\t\t\t\t<\/h4>\n\t\t\t<\/div>\n\t\t\t<div class=\"qe-toggle-content\">\n\t\t\t\t<p>Agencja ma prawo zmieni\u0107 lub anulowa\u0107 zarezerwowane zakwaterowanie, je\u015bli przed lub w trakcie wakacji wyst\u0105pi\u0105 nieprzewidziane okoliczno\u015bci, kt\u00f3rych nie mo\u017cna unikn\u0105\u0107 lub wyeliminowa\u0107. Agencja nast\u0119pnie, z pomoc\u0105 w\u0142a\u015bciciela, oferuje go\u015bciowi alternatywne zakwaterowanie, ale tylko za zgod\u0105 i zgod\u0105 go\u015bcia. Oferowany nocleg powinien by\u0107 tej samej lub wy\u017cszej kategorii w cenie noclegu, w kt\u00f3rym go\u015b\u0107 potwierdzi\u0142 rezerwacj\u0119.<\/p>\n\t\t\t<\/div>\n\t\t<\/div>\n\t\t\t\t<div id=\"qaef-8150\" class=\"qe-faq-toggle \">\n\t\t\t<div class=\"qe-toggle-title\">\n\t\t\t\t<h4>\n\t\t\t\t\t<i class=\"fa fa-minus-circle\"><\/i> Prawo klienta do zmian i anulowania\t\t\t\t<\/h4>\n\t\t\t<\/div>\n\t\t\t<div class=\"qe-toggle-content\">\n\t\t\t\t<p>Je\u017celi Klient chce zmieni\u0107 lub anulowa\u0107 dokonan\u0105 na jego pro\u015bb\u0119 rezerwacj\u0119, nale\u017cy to zrobi\u0107 w formie pisemnej.<br \/>\nW przypadku potwierdzonej rezerwacji kwatery prywatnej, data otrzymania pisemnej anulacji jest podstaw\u0105 do obliczenia koszt\u00f3w anulacji:<br \/>\n&#8211; Na 30 dni przed rozpocz\u0119ciem korzystania z us\u0142ugi pobieramy 50% wp\u0142aconej zaliczki, pomniejszonej o koszty przelewu bankowego.<br \/>\n&#8211; Od 29 do 0 dni przed rozpocz\u0119ciem korzystania z us\u0142ugi zatrzymujemy ca\u0142\u0105 wp\u0142acon\u0105 zaliczk\u0119.<br \/>\nJe\u017celi klient nie dotrze do zarezerwowanego miejsca noclegowego do p\u00f3\u0142nocy w dniu wykonania us\u0142ugi i nie poinformowa\u0142 z wyprzedzeniem agencji lub us\u0142ugodawcy, rezerwacj\u0119 uwa\u017ca si\u0119 za anulowan\u0105, a koszty naliczane s\u0105 zgodnie z powy\u017cszym.<\/p>\n\t\t\t<\/div>\n\t\t<\/div>\n\t\t\t\t<div id=\"qaef-8187\" class=\"qe-faq-toggle \">\n\t\t\t<div class=\"qe-toggle-title\">\n\t\t\t\t<h4>\n\t\t\t\t\t<i class=\"fa fa-minus-circle\"><\/i> Obowi\u0105zki agencji i w\u0142a\u015bcicieli\t\t\t\t<\/h4>\n\t\t\t<\/div>\n\t\t\t<div class=\"qe-toggle-content\">\n\t\t\t\t<p>Obowi\u0105zkiem agencji jest dbanie o realizacj\u0119 us\u0142ug, a tak\u017ce wyb\u00f3ru w\u0142a\u015bciciela oraz praw i interes\u00f3w go\u015bcia zgodnie z obyczajami turystyki. W\u0142a\u015bciciel jest zobowi\u0105zany do zapewnienia go\u015bciowi wszystkich wydzier\u017cawionych us\u0142ug, a tym samym ponosi odpowiedzialno\u015b\u0107 wobec go\u015bcia za ewentualne niewykonanie wydzier\u017cawionych us\u0142ug lub ich cz\u0119\u015bci. Agencja i w\u0142a\u015bciciel wy\u0142\u0105czaj\u0105 wszelk\u0105 odpowiedzialno\u015b\u0107 w przypadku zmian i niewykonania us\u0142ug spowodowanych si\u0142\u0105 wy\u017csz\u0105.<\/p>\n\t\t\t<\/div>\n\t\t<\/div>\n\t\t\t\t<div id=\"qaef-8216\" class=\"qe-faq-toggle \">\n\t\t\t<div class=\"qe-toggle-title\">\n\t\t\t\t<h4>\n\t\t\t\t\t<i class=\"fa fa-minus-circle\"><\/i> Obowi\u0105zki klienta\t\t\t\t<\/h4>\n\t\t\t<\/div>\n\t\t\t<div class=\"qe-toggle-content\">\n\t\t\t\t<p>Go\u015b\u0107 zobowi\u0105zany jest do:<\/p>\n<ul>\n<li>posiada\u0107 wa\u017cne dokumenty podr\u00f3\u017cy<\/li>\n<li>przestrzega\u0107 przepis\u00f3w celnych i dewizowych Republiki Chorwacji<\/li>\n<li>przestrzega\u0107 regulaminu lokalu i wsp\u00f3\u0142pracowa\u0107 z w\u0142a\u015bcicielem lub agencj\u0105 w dobrej wierze<\/li>\n<li>zwr\u00f3ci w\u0142a\u015bcicielowi pe\u0142n\u0105 kwot\u0119 za wszelkie szkody wyrz\u0105dzone w kwaterze.<\/li>\n<\/ul>\n<p>Go\u015b\u0107 ponosi odpowiedzialno\u015b\u0107 i koszty poniesione z powodu niezgodno\u015bci.<\/p>\n\t\t\t<\/div>\n\t\t<\/div>\n\t\t\t\t<div id=\"qaef-8233\" class=\"qe-faq-toggle \">\n\t\t\t<div class=\"qe-toggle-title\">\n\t\t\t\t<h4>\n\t\t\t\t\t<i class=\"fa fa-minus-circle\"><\/i> Rozpatrywanie reklamacji\t\t\t\t<\/h4>\n\t\t\t<\/div>\n\t\t\t<div class=\"qe-toggle-content\">\n\t\t\t\t\r\n<p>Go\u015b\u0107 ma prawo za\u017c\u0105da\u0107 okre\u015blonej op\u0142aty za niewykonane us\u0142ugi op\u0142acone. Go\u015b\u0107 musi do\u0142\u0105czy\u0107 pisemn\u0105 reklamacj\u0119 do wniosku.<br \/>Procedura reklamacyjna:<\/p>\r\n<ul>\r\n<li>Je\u017celi go\u015b\u0107 w miejscu docelowym nie jest zadowolony ze stanu kwatery, powinien niezw\u0142ocznie po przybyciu zawiadomi\u0107 o tym agencj\u0119 lub niezw\u0142ocznie zg\u0142osi\u0107 reklamacj\u0119 w\u0142a\u015bcicielowi.<br \/>Go\u015b\u0107 zobowi\u0105zany jest do wsp\u00f3\u0142pracy z przedstawicielem agencji i w\u0142a\u015bcicielem w dobrej wierze w celu wyeliminowania przyczyn niezadowolenia. Je\u015bli reklamacja jest uzasadniona, a us\u0142uga \u015bwiadczona przez w\u0142a\u015bciciela nie jest satysfakcjonuj\u0105ca, agencja zrobi wszystko, aby go\u015b\u0107 otrzyma\u0142 akceptowalne rozwi\u0105zanie, kt\u00f3re odpowiada us\u0142udze op\u0142aconej w\u0142a\u015bcicielowi. Agencja lub w\u0142a\u015bciciel nie mo\u017ce oferowa\u0107 go\u015bciowi w zamian za zakwaterowanie us\u0142ugi o mniejszej warto\u015bci.<br \/><br \/><\/li>\r\n<li>Je\u017celi go\u015b\u0107 dobrowolnie opu\u015bci kwater\u0119 i znajdzie inn\u0105 kwater\u0119, a tym samym nie daje agencji mo\u017cliwo\u015bci rozwi\u0105zania problemu, to nie ma prawa \u017c\u0105da\u0107 zwrotu pieni\u0119dzy ani wnie\u015b\u0107 pow\u00f3dztwa o naprawienie szkody.<br \/><br \/><\/li>\r\n<li>Nie p\u00f3\u017aniej ni\u017c 8 dni po powrocie z wyjazdu go\u015b\u0107 musi z\u0142o\u017cy\u0107 pisemn\u0105 reklamacj\u0119 do agencji (z podpisanym przez w\u0142a\u015bciciela protoko\u0142em sytuacji i ewentualnymi fakturami na poniesione koszty). Agencja zobowi\u0105zuje si\u0119 do rozpatrzenia reklamacji w terminie 14 dni od dnia otrzymania reklamacji. Go\u015b\u0107 zrzeka si\u0119 mediacji jakiejkolwiek innej osoby, instytucji s\u0105dowej lub udzielenia informacji mediom do czasu podj\u0119cia przez agencj\u0119 decyzji. Wyklucza to prawo go\u015bcia do odszkodowania za szkody po\u015brednie. Je\u017celi go\u015b\u0107 nie reklamowa\u0142 na miejscu nieodpowiednich us\u0142ug lub z\u0142o\u017cy\u0142 pisemn\u0105 reklamacj\u0119 po 8 dniach powrotu z wycieczki, agencja nie przyjmie takiego sprzeciwu.<\/li>\r\n<\/ul>\r\n\t\t\t<\/div>\n\t\t<\/div>\n\t\t\t\t<div id=\"qaef-8278\" class=\"qe-faq-toggle \">\n\t\t\t<div class=\"qe-toggle-title\">\n\t\t\t\t<h4>\n\t\t\t\t\t<i class=\"fa fa-minus-circle\"><\/i> W\u0142a\u015bciwo\u015b\u0107 s\u0105du\t\t\t\t<\/h4>\n\t\t\t<\/div>\n\t\t\t<div class=\"qe-toggle-content\">\n\t\t\t\t<p>Je\u017celi go\u015b\u0107 nie jest usatysfakcjonowany sposobem, w jaki agencja rozpatrzy\u0142a jego reklamacj\u0119, ma prawo wszcz\u0105\u0107 post\u0119powanie s\u0105dowe. W takim przypadku w\u0142a\u015bciwy b\u0119dzie S\u0105d Gospodarczy w Splicie.<\/p>\n<p>Notatka:<br \/>\nNie przyjmujemy reklamacji dotycz\u0105cych ofert last minute ani zakwaterowania z obni\u017con\u0105 cen\u0105!<\/p>\n\t\t\t<\/div>\n\t\t<\/div>\n\t\t            <\/div>\n\t\t\n","protected":false},"excerpt":{"rendered":"","protected":false},"author":2,"featured_media":400359,"parent":0,"menu_order":0,"comment_status":"closed","ping_status":"closed","template":"templates\/full-width.php","meta":[],"acf":[],"yoast_head":"<!-- This site is optimized with the Yoast SEO plugin v20.6 - https:\/\/yoast.com\/wordpress\/plugins\/seo\/ -->\n<title>Informacja - Promajna Tours<\/title>\n<meta name=\"description\" content=\"Informacja - Specjalizujemy si\u0119 w wynajmie nocleg\u00f3w w prywatnych apartamentach w Promajnie oraz w pozosta\u0142ej cz\u0119\u015bci Riwiery Makarskiej.\" \/>\n<meta name=\"robots\" content=\"index, follow, max-snippet:-1, max-image-preview:large, max-video-preview:-1\" \/>\n<link rel=\"canonical\" href=\"https:\/\/www.promajna-tours.hr\/pl\/informacja\/\" \/>\n<meta property=\"og:locale\" content=\"pl_PL\" \/>\n<meta property=\"og:type\" content=\"article\" \/>\n<meta property=\"og:title\" content=\"Informacja - Promajna Tours\" \/>\n<meta property=\"og:description\" content=\"Informacja - Specjalizujemy si\u0119 w wynajmie nocleg\u00f3w w prywatnych apartamentach w Promajnie oraz w pozosta\u0142ej cz\u0119\u015bci Riwiery Makarskiej.\" \/>\n<meta property=\"og:url\" content=\"https:\/\/www.promajna-tours.hr\/pl\/informacja\/\" \/>\n<meta property=\"og:site_name\" content=\"Promajna Tours\" \/>\n<meta property=\"article:publisher\" content=\"https:\/\/www.facebook.com\/promajnatoursHR\/\" \/>\n<meta property=\"article:modified_time\" content=\"2023-09-29T07:51:35+00:00\" \/>\n<meta property=\"og:image\" content=\"https:\/\/www.promajna-tours.hr\/wp-content\/uploads\/2023\/04\/Anka-4.jpg\" \/>\n\t<meta property=\"og:image:width\" content=\"1980\" \/>\n\t<meta property=\"og:image:height\" content=\"1484\" \/>\n\t<meta property=\"og:image:type\" content=\"image\/jpeg\" \/>\n<meta name=\"twitter:card\" content=\"summary_large_image\" \/>\n<meta name=\"twitter:site\" content=\"@promajnatours\" \/>\n<meta name=\"twitter:label1\" content=\"Szacowany czas czytania\" \/>\n\t<meta name=\"twitter:data1\" content=\"1 minuta\" \/>\n<script type=\"application\/ld+json\" class=\"yoast-schema-graph\">{\"@context\":\"https:\/\/schema.org\",\"@graph\":[{\"@type\":\"WebPage\",\"@id\":\"https:\/\/www.promajna-tours.hr\/pl\/informacja\/\",\"url\":\"https:\/\/www.promajna-tours.hr\/pl\/informacja\/\",\"name\":\"Informacja - Promajna Tours\",\"isPartOf\":{\"@id\":\"https:\/\/www.promajna-tours.hr\/#website\"},\"datePublished\":\"2019-06-27T10:43:06+00:00\",\"dateModified\":\"2023-09-29T07:51:35+00:00\",\"description\":\"Informacja - Specjalizujemy si\u0119 w wynajmie nocleg\u00f3w w prywatnych apartamentach w Promajnie oraz w pozosta\u0142ej cz\u0119\u015bci Riwiery Makarskiej.\",\"breadcrumb\":{\"@id\":\"https:\/\/www.promajna-tours.hr\/pl\/informacja\/#breadcrumb\"},\"inLanguage\":\"pl-PL\",\"potentialAction\":[{\"@type\":\"ReadAction\",\"target\":[\"https:\/\/www.promajna-tours.hr\/pl\/informacja\/\"]}]},{\"@type\":\"BreadcrumbList\",\"@id\":\"https:\/\/www.promajna-tours.hr\/pl\/informacja\/#breadcrumb\",\"itemListElement\":[{\"@type\":\"ListItem\",\"position\":1,\"name\":\"Po\u010detna stranica\",\"item\":\"https:\/\/www.promajna-tours.hr\/pl\/\"},{\"@type\":\"ListItem\",\"position\":2,\"name\":\"Informacja\"}]},{\"@type\":\"WebSite\",\"@id\":\"https:\/\/www.promajna-tours.hr\/#website\",\"url\":\"https:\/\/www.promajna-tours.hr\/\",\"name\":\"Promajna Tours\",\"description\":\"Apartmani Makarska rivijera\",\"publisher\":{\"@id\":\"https:\/\/www.promajna-tours.hr\/#organization\"},\"potentialAction\":[{\"@type\":\"SearchAction\",\"target\":{\"@type\":\"EntryPoint\",\"urlTemplate\":\"https:\/\/www.promajna-tours.hr\/?s={search_term_string}\"},\"query-input\":\"required name=search_term_string\"}],\"inLanguage\":\"pl-PL\"},{\"@type\":\"Organization\",\"@id\":\"https:\/\/www.promajna-tours.hr\/#organization\",\"name\":\"Promajna Tours d.o.o.\",\"url\":\"https:\/\/www.promajna-tours.hr\/\",\"logo\":{\"@type\":\"ImageObject\",\"inLanguage\":\"pl-PL\",\"@id\":\"https:\/\/www.promajna-tours.hr\/#\/schema\/logo\/image\/\",\"url\":\"https:\/\/www.promajna-tours.hr\/wp-content\/uploads\/2021\/11\/logo-novi.png\",\"contentUrl\":\"https:\/\/www.promajna-tours.hr\/wp-content\/uploads\/2021\/11\/logo-novi.png\",\"width\":216,\"height\":129,\"caption\":\"Promajna Tours d.o.o.\"},\"image\":{\"@id\":\"https:\/\/www.promajna-tours.hr\/#\/schema\/logo\/image\/\"},\"sameAs\":[\"https:\/\/www.facebook.com\/promajnatoursHR\/\",\"https:\/\/twitter.com\/promajnatours\",\"https:\/\/www.instagram.com\/promajnatours\/\",\"https:\/\/www.youtube.com\/channel\/UCMDAfrJ-MCRDYzjXTBoVIXA\"]}]}<\/script>\n<!-- \/ Yoast SEO plugin. -->","yoast_head_json":{"title":"Informacja - Promajna Tours","description":"Informacja - Specjalizujemy si\u0119 w wynajmie nocleg\u00f3w w prywatnych apartamentach w Promajnie oraz w pozosta\u0142ej cz\u0119\u015bci Riwiery Makarskiej.","robots":{"index":"index","follow":"follow","max-snippet":"max-snippet:-1","max-image-preview":"max-image-preview:large","max-video-preview":"max-video-preview:-1"},"canonical":"https:\/\/www.promajna-tours.hr\/pl\/informacja\/","og_locale":"pl_PL","og_type":"article","og_title":"Informacja - Promajna Tours","og_description":"Informacja - Specjalizujemy si\u0119 w wynajmie nocleg\u00f3w w prywatnych apartamentach w Promajnie oraz w pozosta\u0142ej cz\u0119\u015bci Riwiery Makarskiej.","og_url":"https:\/\/www.promajna-tours.hr\/pl\/informacja\/","og_site_name":"Promajna Tours","article_publisher":"https:\/\/www.facebook.com\/promajnatoursHR\/","article_modified_time":"2023-09-29T07:51:35+00:00","og_image":[{"width":1980,"height":1484,"url":"https:\/\/www.promajna-tours.hr\/wp-content\/uploads\/2023\/04\/Anka-4.jpg","type":"image\/jpeg"}],"twitter_card":"summary_large_image","twitter_site":"@promajnatours","twitter_misc":{"Szacowany czas czytania":"1 minuta"},"schema":{"@context":"https:\/\/schema.org","@graph":[{"@type":"WebPage","@id":"https:\/\/www.promajna-tours.hr\/pl\/informacja\/","url":"https:\/\/www.promajna-tours.hr\/pl\/informacja\/","name":"Informacja - Promajna Tours","isPartOf":{"@id":"https:\/\/www.promajna-tours.hr\/#website"},"datePublished":"2019-06-27T10:43:06+00:00","dateModified":"2023-09-29T07:51:35+00:00","description":"Informacja - Specjalizujemy si\u0119 w wynajmie nocleg\u00f3w w prywatnych apartamentach w Promajnie oraz w pozosta\u0142ej cz\u0119\u015bci Riwiery Makarskiej.","breadcrumb":{"@id":"https:\/\/www.promajna-tours.hr\/pl\/informacja\/#breadcrumb"},"inLanguage":"pl-PL","potentialAction":[{"@type":"ReadAction","target":["https:\/\/www.promajna-tours.hr\/pl\/informacja\/"]}]},{"@type":"BreadcrumbList","@id":"https:\/\/www.promajna-tours.hr\/pl\/informacja\/#breadcrumb","itemListElement":[{"@type":"ListItem","position":1,"name":"Po\u010detna stranica","item":"https:\/\/www.promajna-tours.hr\/pl\/"},{"@type":"ListItem","position":2,"name":"Informacja"}]},{"@type":"WebSite","@id":"https:\/\/www.promajna-tours.hr\/#website","url":"https:\/\/www.promajna-tours.hr\/","name":"Promajna Tours","description":"Apartmani Makarska rivijera","publisher":{"@id":"https:\/\/www.promajna-tours.hr\/#organization"},"potentialAction":[{"@type":"SearchAction","target":{"@type":"EntryPoint","urlTemplate":"https:\/\/www.promajna-tours.hr\/?s={search_term_string}"},"query-input":"required name=search_term_string"}],"inLanguage":"pl-PL"},{"@type":"Organization","@id":"https:\/\/www.promajna-tours.hr\/#organization","name":"Promajna Tours d.o.o.","url":"https:\/\/www.promajna-tours.hr\/","logo":{"@type":"ImageObject","inLanguage":"pl-PL","@id":"https:\/\/www.promajna-tours.hr\/#\/schema\/logo\/image\/","url":"https:\/\/www.promajna-tours.hr\/wp-content\/uploads\/2021\/11\/logo-novi.png","contentUrl":"https:\/\/www.promajna-tours.hr\/wp-content\/uploads\/2021\/11\/logo-novi.png","width":216,"height":129,"caption":"Promajna Tours d.o.o."},"image":{"@id":"https:\/\/www.promajna-tours.hr\/#\/schema\/logo\/image\/"},"sameAs":["https:\/\/www.facebook.com\/promajnatoursHR\/","https:\/\/twitter.com\/promajnatours","https:\/\/www.instagram.com\/promajnatours\/","https:\/\/www.youtube.com\/channel\/UCMDAfrJ-MCRDYzjXTBoVIXA"]}]}},"_links":{"self":[{"href":"https:\/\/www.promajna-tours.hr\/pl\/wp-json\/wp\/v2\/pages\/7960"}],"collection":[{"href":"https:\/\/www.promajna-tours.hr\/pl\/wp-json\/wp\/v2\/pages"}],"about":[{"href":"https:\/\/www.promajna-tours.hr\/pl\/wp-json\/wp\/v2\/types\/page"}],"author":[{"embeddable":true,"href":"https:\/\/www.promajna-tours.hr\/pl\/wp-json\/wp\/v2\/users\/2"}],"replies":[{"embeddable":true,"href":"https:\/\/www.promajna-tours.hr\/pl\/wp-json\/wp\/v2\/comments?post=7960"}],"version-history":[{"count":3,"href":"https:\/\/www.promajna-tours.hr\/pl\/wp-json\/wp\/v2\/pages\/7960\/revisions"}],"predecessor-version":[{"id":8091,"href":"https:\/\/www.promajna-tours.hr\/pl\/wp-json\/wp\/v2\/pages\/7960\/revisions\/8091"}],"wp:featuredmedia":[{"embeddable":true,"href":"https:\/\/www.promajna-tours.hr\/pl\/wp-json\/wp\/v2\/media\/400359"}],"wp:attachment":[{"href":"https:\/\/www.promajna-tours.hr\/pl\/wp-json\/wp\/v2\/media?parent=7960"}],"curies":[{"name":"wp","href":"https:\/\/api.w.org\/{rel}","templated":true}]}}